{"id":539,"date":"2021-01-18T15:10:53","date_gmt":"2021-01-18T14:10:53","guid":{"rendered":"https:\/\/www.condin.shop\/produkt\/gruener-spargel-00-10-asparagina-bund\/"},"modified":"2024-04-13T13:07:00","modified_gmt":"2024-04-13T11:07:00","slug":"asparago-verde-00-10-asparagina-mazzo","status":"publish","type":"product","link":"https:\/\/www.condin.shop\/it\/produkt\/asparago-verde-00-10-asparagina-mazzo\/","title":{"rendered":"Asparago verde 00\/10, Asparagina mazzo"},"content":{"rendered":"","protected":false},"excerpt":{"rendered":"<p>L\u2019asparago verde presenta una forma impeccabile, senza incurvature, con un diametro fino a 10 millimetri. \u00c8 pi\u00f9 corto delle altre variet\u00e0 ed \u00e8 ideale per preparare insalate e piatti veloci.<\/p>\n","protected":false},"featured_media":385,"template":"","meta":{"_acf_changed":false},"product_brand":[],"product_cat":[42,50],"product_tag":[],"class_list":{"0":"post-539","1":"product","2":"type-product","3":"status-publish","4":"has-post-thumbnail","6":"product_cat-asparago-verde","7":"product_cat-italia","9":"first","10":"outofstock","11":"shipping-taxable","12":"purchasable","13":"product-type-simple"},"acf":[],"yoast_head":"<!-- This site is optimized with the Yoast SEO plugin v24.6 - https:\/\/yoast.com\/wordpress\/plugins\/seo\/ -->\n<title>Asparagina \u2013 verde, impeccabile e delizioso | vendita asparagi online<\/title>\n<meta name=\"description\" content=\"Ordina subito Asparagina e altre variet\u00e0 di asparagi online. L&#039;asparagina \u00e8 perfetta per insalate e piatti veloci. Consegna a domicilio.\" \/>\n<meta name=\"robots\" content=\"index, follow, max-snippet:-1, max-image-preview:large, max-video-preview:-1\" \/>\n<link rel=\"canonical\" href=\"https:\/\/www.condin.shop\/it\/produkt\/asparago-verde-00-10-asparagina-mazzo\/\" \/>\n<meta property=\"og:locale\" content=\"it_IT\" \/>\n<meta property=\"og:type\" content=\"article\" \/>\n<meta property=\"og:title\" content=\"Asparagina \u2013 verde, impeccabile e delizioso | vendita asparagi online\" \/>\n<meta property=\"og:description\" content=\"Ordina subito Asparagina e altre variet\u00e0 di asparagi online. L&#039;asparagina \u00e8 perfetta per insalate e piatti veloci. Consegna a domicilio.\" \/>\n<meta property=\"og:url\" content=\"https:\/\/www.condin.shop\/it\/produkt\/asparago-verde-00-10-asparagina-mazzo\/\" \/>\n<meta property=\"og:site_name\" content=\"Condin Spargel Asparagi\" \/>\n<meta property=\"article:modified_time\" content=\"2024-04-13T11:07:00+00:00\" \/>\n<meta property=\"og:image\" content=\"https:\/\/www.condin.shop\/wp-content\/uploads\/2021\/01\/Gruener-Spargel.jpg\" \/>\n\t<meta property=\"og:image:width\" content=\"1104\" \/>\n\t<meta property=\"og:image:height\" content=\"1104\" \/>\n\t<meta property=\"og:image:type\" content=\"image\/jpeg\" \/>\n<script type=\"application\/ld+json\" class=\"yoast-schema-graph\">{\"@context\":\"https:\/\/schema.org\",\"@graph\":[{\"@type\":\"WebPage\",\"@id\":\"https:\/\/www.condin.shop\/it\/produkt\/asparago-verde-00-10-asparagina-mazzo\/\",\"url\":\"https:\/\/www.condin.shop\/it\/produkt\/asparago-verde-00-10-asparagina-mazzo\/\",\"name\":\"Asparagina \u2013 verde, impeccabile e delizioso | vendita asparagi online\",\"isPartOf\":{\"@id\":\"https:\/\/www.condin.shop\/it\/#website\"},\"primaryImageOfPage\":{\"@id\":\"https:\/\/www.condin.shop\/it\/produkt\/asparago-verde-00-10-asparagina-mazzo\/#primaryimage\"},\"image\":{\"@id\":\"https:\/\/www.condin.shop\/it\/produkt\/asparago-verde-00-10-asparagina-mazzo\/#primaryimage\"},\"thumbnailUrl\":\"https:\/\/www.condin.shop\/wp-content\/uploads\/2021\/01\/Gruener-Spargel.jpg\",\"datePublished\":\"2021-01-18T14:10:53+00:00\",\"dateModified\":\"2024-04-13T11:07:00+00:00\",\"description\":\"Ordina subito Asparagina e altre variet\u00e0 di asparagi online. L'asparagina \u00e8 perfetta per insalate e piatti veloci. Consegna a domicilio.\",\"inLanguage\":\"it-IT\",\"potentialAction\":[{\"@type\":\"ReadAction\",\"target\":[\"https:\/\/www.condin.shop\/it\/produkt\/asparago-verde-00-10-asparagina-mazzo\/\"]}]},{\"@type\":\"ImageObject\",\"inLanguage\":\"it-IT\",\"@id\":\"https:\/\/www.condin.shop\/it\/produkt\/asparago-verde-00-10-asparagina-mazzo\/#primaryimage\",\"url\":\"https:\/\/www.condin.shop\/wp-content\/uploads\/2021\/01\/Gruener-Spargel.jpg\",\"contentUrl\":\"https:\/\/www.condin.shop\/wp-content\/uploads\/2021\/01\/Gruener-Spargel.jpg\",\"width\":1104,\"height\":1104},{\"@type\":\"WebSite\",\"@id\":\"https:\/\/www.condin.shop\/it\/#website\",\"url\":\"https:\/\/www.condin.shop\/it\/\",\"name\":\"Condin Spargel Asparagi\",\"description\":\"Shop\",\"publisher\":{\"@id\":\"https:\/\/www.condin.shop\/it\/#organization\"},\"potentialAction\":[{\"@type\":\"SearchAction\",\"target\":{\"@type\":\"EntryPoint\",\"urlTemplate\":\"https:\/\/www.condin.shop\/it\/?s={search_term_string}\"},\"query-input\":{\"@type\":\"PropertyValueSpecification\",\"valueRequired\":true,\"valueName\":\"search_term_string\"}}],\"inLanguage\":\"it-IT\"},{\"@type\":\"Organization\",\"@id\":\"https:\/\/www.condin.shop\/it\/#organization\",\"name\":\"Condin Spargel Asparagi\",\"url\":\"https:\/\/www.condin.shop\/it\/\",\"logo\":{\"@type\":\"ImageObject\",\"inLanguage\":\"it-IT\",\"@id\":\"https:\/\/www.condin.shop\/it\/#\/schema\/logo\/image\/\",\"url\":\"https:\/\/www.condin.shop\/wp-content\/uploads\/2021\/01\/Logo-Condin.svg\",\"contentUrl\":\"https:\/\/www.condin.shop\/wp-content\/uploads\/2021\/01\/Logo-Condin.svg\",\"width\":217,\"height\":99,\"caption\":\"Condin Spargel Asparagi\"},\"image\":{\"@id\":\"https:\/\/www.condin.shop\/it\/#\/schema\/logo\/image\/\"}}]}<\/script>\n<!-- \/ Yoast SEO plugin. -->","yoast_head_json":{"title":"Asparagina \u2013 verde, impeccabile e delizioso | vendita asparagi online","description":"Ordina subito Asparagina e altre variet\u00e0 di asparagi online. L'asparagina \u00e8 perfetta per insalate e piatti veloci. Consegna a domicilio.","robots":{"index":"index","follow":"follow","max-snippet":"max-snippet:-1","max-image-preview":"max-image-preview:large","max-video-preview":"max-video-preview:-1"},"canonical":"https:\/\/www.condin.shop\/it\/produkt\/asparago-verde-00-10-asparagina-mazzo\/","og_locale":"it_IT","og_type":"article","og_title":"Asparagina \u2013 verde, impeccabile e delizioso | vendita asparagi online","og_description":"Ordina subito Asparagina e altre variet\u00e0 di asparagi online. L'asparagina \u00e8 perfetta per insalate e piatti veloci. Consegna a domicilio.","og_url":"https:\/\/www.condin.shop\/it\/produkt\/asparago-verde-00-10-asparagina-mazzo\/","og_site_name":"Condin Spargel Asparagi","article_modified_time":"2024-04-13T11:07:00+00:00","og_image":[{"width":1104,"height":1104,"url":"https:\/\/www.condin.shop\/wp-content\/uploads\/2021\/01\/Gruener-Spargel.jpg","type":"image\/jpeg"}],"schema":{"@context":"https:\/\/schema.org","@graph":[{"@type":"WebPage","@id":"https:\/\/www.condin.shop\/it\/produkt\/asparago-verde-00-10-asparagina-mazzo\/","url":"https:\/\/www.condin.shop\/it\/produkt\/asparago-verde-00-10-asparagina-mazzo\/","name":"Asparagina \u2013 verde, impeccabile e delizioso | vendita asparagi online","isPartOf":{"@id":"https:\/\/www.condin.shop\/it\/#website"},"primaryImageOfPage":{"@id":"https:\/\/www.condin.shop\/it\/produkt\/asparago-verde-00-10-asparagina-mazzo\/#primaryimage"},"image":{"@id":"https:\/\/www.condin.shop\/it\/produkt\/asparago-verde-00-10-asparagina-mazzo\/#primaryimage"},"thumbnailUrl":"https:\/\/www.condin.shop\/wp-content\/uploads\/2021\/01\/Gruener-Spargel.jpg","datePublished":"2021-01-18T14:10:53+00:00","dateModified":"2024-04-13T11:07:00+00:00","description":"Ordina subito Asparagina e altre variet\u00e0 di asparagi online. L'asparagina \u00e8 perfetta per insalate e piatti veloci. Consegna a domicilio.","inLanguage":"it-IT","potentialAction":[{"@type":"ReadAction","target":["https:\/\/www.condin.shop\/it\/produkt\/asparago-verde-00-10-asparagina-mazzo\/"]}]},{"@type":"ImageObject","inLanguage":"it-IT","@id":"https:\/\/www.condin.shop\/it\/produkt\/asparago-verde-00-10-asparagina-mazzo\/#primaryimage","url":"https:\/\/www.condin.shop\/wp-content\/uploads\/2021\/01\/Gruener-Spargel.jpg","contentUrl":"https:\/\/www.condin.shop\/wp-content\/uploads\/2021\/01\/Gruener-Spargel.jpg","width":1104,"height":1104},{"@type":"WebSite","@id":"https:\/\/www.condin.shop\/it\/#website","url":"https:\/\/www.condin.shop\/it\/","name":"Condin Spargel Asparagi","description":"Shop","publisher":{"@id":"https:\/\/www.condin.shop\/it\/#organization"},"potentialAction":[{"@type":"SearchAction","target":{"@type":"EntryPoint","urlTemplate":"https:\/\/www.condin.shop\/it\/?s={search_term_string}"},"query-input":{"@type":"PropertyValueSpecification","valueRequired":true,"valueName":"search_term_string"}}],"inLanguage":"it-IT"},{"@type":"Organization","@id":"https:\/\/www.condin.shop\/it\/#organization","name":"Condin Spargel Asparagi","url":"https:\/\/www.condin.shop\/it\/","logo":{"@type":"ImageObject","inLanguage":"it-IT","@id":"https:\/\/www.condin.shop\/it\/#\/schema\/logo\/image\/","url":"https:\/\/www.condin.shop\/wp-content\/uploads\/2021\/01\/Logo-Condin.svg","contentUrl":"https:\/\/www.condin.shop\/wp-content\/uploads\/2021\/01\/Logo-Condin.svg","width":217,"height":99,"caption":"Condin Spargel Asparagi"},"image":{"@id":"https:\/\/www.condin.shop\/it\/#\/schema\/logo\/image\/"}}]}},"_links":{"self":[{"href":"https:\/\/www.condin.shop\/it\/wp-json\/wp\/v2\/product\/539","targetHints":{"allow":["GET"]}}],"collection":[{"href":"https:\/\/www.condin.shop\/it\/wp-json\/wp\/v2\/product"}],"about":[{"href":"https:\/\/www.condin.shop\/it\/wp-json\/wp\/v2\/types\/product"}],"wp:featuredmedia":[{"embeddable":true,"href":"https:\/\/www.condin.shop\/it\/wp-json\/wp\/v2\/media\/385"}],"wp:attachment":[{"href":"https:\/\/www.condin.shop\/it\/wp-json\/wp\/v2\/media?parent=539"}],"wp:term":[{"taxonomy":"product_brand","embeddable":true,"href":"https:\/\/www.condin.shop\/it\/wp-json\/wp\/v2\/product_brand?post=539"},{"taxonomy":"product_cat","embeddable":true,"href":"https:\/\/www.condin.shop\/it\/wp-json\/wp\/v2\/product_cat?post=539"},{"taxonomy":"product_tag","embeddable":true,"href":"https:\/\/www.condin.shop\/it\/wp-json\/wp\/v2\/product_tag?post=539"}],"curies":[{"name":"wp","href":"https:\/\/api.w.org\/{rel}","templated":true}]}}