{"id":536,"date":"2021-01-27T10:25:12","date_gmt":"2021-01-27T09:25:12","guid":{"rendered":"https:\/\/www.condin.shop\/produkt\/erbeeren-zum-einkochen\/"},"modified":"2021-02-12T08:10:21","modified_gmt":"2021-02-12T07:10:21","slug":"fragole-per-confettura","status":"publish","type":"product","link":"https:\/\/www.condin.shop\/it\/produkt\/fragole-per-confettura\/","title":{"rendered":"Fragole per confettura"},"content":{"rendered":"","protected":false},"excerpt":{"rendered":"<p>Queste fragole nascono dai nostri appezzamenti veneti. Proprio l\u00ec coltiviamo una variet\u00e0 particolarmente dolce la cui bassa resa conferisce loro un sapore ancora pi\u00f9 intenso. Selezione particolarmente adatta alla cottura in quanto contiene frutti pi\u00f9 piccoli, maturi e che presentano naturali imperfezioni.<\/p>\n","protected":false},"featured_media":383,"template":"","meta":{"_acf_changed":false},"product_brand":[],"product_cat":[38,54],"product_tag":[],"class_list":{"0":"post-536","1":"product","2":"type-product","3":"status-publish","4":"has-post-thumbnail","6":"product_cat-alto-adige","7":"product_cat-altri-prodotti","9":"first","10":"outofstock","11":"shipping-taxable","12":"purchasable","13":"product-type-simple"},"acf":[],"yoast_head":"<!-- This site is optimized with the Yoast SEO plugin v24.6 - https:\/\/yoast.com\/wordpress\/plugins\/seo\/ -->\n<title>Fragole per confettura | vendita online | Condin Shop<\/title>\n<meta name=\"description\" content=\"Le nostre fragole sono particolarmente adatti alla cottura in quanto sono dolcissimi e caratterizzati da naturali imperfezioni.\" \/>\n<meta name=\"robots\" content=\"index, follow, max-snippet:-1, max-image-preview:large, max-video-preview:-1\" \/>\n<link rel=\"canonical\" href=\"https:\/\/www.condin.shop\/it\/produkt\/fragole-per-confettura\/\" \/>\n<meta property=\"og:locale\" content=\"it_IT\" \/>\n<meta property=\"og:type\" content=\"article\" \/>\n<meta property=\"og:title\" content=\"Fragole per confettura | vendita online | Condin Shop\" \/>\n<meta property=\"og:description\" content=\"Le nostre fragole sono particolarmente adatti alla cottura in quanto sono dolcissimi e caratterizzati da naturali imperfezioni.\" \/>\n<meta property=\"og:url\" content=\"https:\/\/www.condin.shop\/it\/produkt\/fragole-per-confettura\/\" \/>\n<meta property=\"og:site_name\" content=\"Condin Spargel Asparagi\" \/>\n<meta property=\"article:modified_time\" content=\"2021-02-12T07:10:21+00:00\" \/>\n<meta property=\"og:image\" content=\"https:\/\/www.condin.shop\/wp-content\/uploads\/2021\/01\/Erdbeeren-einkochen.jpg\" \/>\n\t<meta property=\"og:image:width\" content=\"1104\" \/>\n\t<meta property=\"og:image:height\" content=\"1104\" \/>\n\t<meta property=\"og:image:type\" content=\"image\/jpeg\" \/>\n<script type=\"application\/ld+json\" class=\"yoast-schema-graph\">{\"@context\":\"https:\/\/schema.org\",\"@graph\":[{\"@type\":\"WebPage\",\"@id\":\"https:\/\/www.condin.shop\/it\/produkt\/fragole-per-confettura\/\",\"url\":\"https:\/\/www.condin.shop\/it\/produkt\/fragole-per-confettura\/\",\"name\":\"Fragole per confettura | vendita online | Condin Shop\",\"isPartOf\":{\"@id\":\"https:\/\/www.condin.shop\/it\/#website\"},\"primaryImageOfPage\":{\"@id\":\"https:\/\/www.condin.shop\/it\/produkt\/fragole-per-confettura\/#primaryimage\"},\"image\":{\"@id\":\"https:\/\/www.condin.shop\/it\/produkt\/fragole-per-confettura\/#primaryimage\"},\"thumbnailUrl\":\"https:\/\/www.condin.shop\/wp-content\/uploads\/2021\/01\/Erdbeeren-einkochen.jpg\",\"datePublished\":\"2021-01-27T09:25:12+00:00\",\"dateModified\":\"2021-02-12T07:10:21+00:00\",\"description\":\"Le nostre fragole sono particolarmente adatti alla cottura in quanto sono dolcissimi e caratterizzati da naturali imperfezioni.\",\"inLanguage\":\"it-IT\",\"potentialAction\":[{\"@type\":\"ReadAction\",\"target\":[\"https:\/\/www.condin.shop\/it\/produkt\/fragole-per-confettura\/\"]}]},{\"@type\":\"ImageObject\",\"inLanguage\":\"it-IT\",\"@id\":\"https:\/\/www.condin.shop\/it\/produkt\/fragole-per-confettura\/#primaryimage\",\"url\":\"https:\/\/www.condin.shop\/wp-content\/uploads\/2021\/01\/Erdbeeren-einkochen.jpg\",\"contentUrl\":\"https:\/\/www.condin.shop\/wp-content\/uploads\/2021\/01\/Erdbeeren-einkochen.jpg\",\"width\":1104,\"height\":1104},{\"@type\":\"WebSite\",\"@id\":\"https:\/\/www.condin.shop\/it\/#website\",\"url\":\"https:\/\/www.condin.shop\/it\/\",\"name\":\"Condin Spargel Asparagi\",\"description\":\"Shop\",\"publisher\":{\"@id\":\"https:\/\/www.condin.shop\/it\/#organization\"},\"potentialAction\":[{\"@type\":\"SearchAction\",\"target\":{\"@type\":\"EntryPoint\",\"urlTemplate\":\"https:\/\/www.condin.shop\/it\/?s={search_term_string}\"},\"query-input\":{\"@type\":\"PropertyValueSpecification\",\"valueRequired\":true,\"valueName\":\"search_term_string\"}}],\"inLanguage\":\"it-IT\"},{\"@type\":\"Organization\",\"@id\":\"https:\/\/www.condin.shop\/it\/#organization\",\"name\":\"Condin Spargel Asparagi\",\"url\":\"https:\/\/www.condin.shop\/it\/\",\"logo\":{\"@type\":\"ImageObject\",\"inLanguage\":\"it-IT\",\"@id\":\"https:\/\/www.condin.shop\/it\/#\/schema\/logo\/image\/\",\"url\":\"https:\/\/www.condin.shop\/wp-content\/uploads\/2021\/01\/Logo-Condin.svg\",\"contentUrl\":\"https:\/\/www.condin.shop\/wp-content\/uploads\/2021\/01\/Logo-Condin.svg\",\"width\":217,\"height\":99,\"caption\":\"Condin Spargel Asparagi\"},\"image\":{\"@id\":\"https:\/\/www.condin.shop\/it\/#\/schema\/logo\/image\/\"}}]}<\/script>\n<!-- \/ Yoast SEO plugin. -->","yoast_head_json":{"title":"Fragole per confettura | vendita online | Condin Shop","description":"Le nostre fragole sono particolarmente adatti alla cottura in quanto sono dolcissimi e caratterizzati da naturali imperfezioni.","robots":{"index":"index","follow":"follow","max-snippet":"max-snippet:-1","max-image-preview":"max-image-preview:large","max-video-preview":"max-video-preview:-1"},"canonical":"https:\/\/www.condin.shop\/it\/produkt\/fragole-per-confettura\/","og_locale":"it_IT","og_type":"article","og_title":"Fragole per confettura | vendita online | Condin Shop","og_description":"Le nostre fragole sono particolarmente adatti alla cottura in quanto sono dolcissimi e caratterizzati da naturali imperfezioni.","og_url":"https:\/\/www.condin.shop\/it\/produkt\/fragole-per-confettura\/","og_site_name":"Condin Spargel Asparagi","article_modified_time":"2021-02-12T07:10:21+00:00","og_image":[{"width":1104,"height":1104,"url":"https:\/\/www.condin.shop\/wp-content\/uploads\/2021\/01\/Erdbeeren-einkochen.jpg","type":"image\/jpeg"}],"schema":{"@context":"https:\/\/schema.org","@graph":[{"@type":"WebPage","@id":"https:\/\/www.condin.shop\/it\/produkt\/fragole-per-confettura\/","url":"https:\/\/www.condin.shop\/it\/produkt\/fragole-per-confettura\/","name":"Fragole per confettura | vendita online | Condin Shop","isPartOf":{"@id":"https:\/\/www.condin.shop\/it\/#website"},"primaryImageOfPage":{"@id":"https:\/\/www.condin.shop\/it\/produkt\/fragole-per-confettura\/#primaryimage"},"image":{"@id":"https:\/\/www.condin.shop\/it\/produkt\/fragole-per-confettura\/#primaryimage"},"thumbnailUrl":"https:\/\/www.condin.shop\/wp-content\/uploads\/2021\/01\/Erdbeeren-einkochen.jpg","datePublished":"2021-01-27T09:25:12+00:00","dateModified":"2021-02-12T07:10:21+00:00","description":"Le nostre fragole sono particolarmente adatti alla cottura in quanto sono dolcissimi e caratterizzati da naturali imperfezioni.","inLanguage":"it-IT","potentialAction":[{"@type":"ReadAction","target":["https:\/\/www.condin.shop\/it\/produkt\/fragole-per-confettura\/"]}]},{"@type":"ImageObject","inLanguage":"it-IT","@id":"https:\/\/www.condin.shop\/it\/produkt\/fragole-per-confettura\/#primaryimage","url":"https:\/\/www.condin.shop\/wp-content\/uploads\/2021\/01\/Erdbeeren-einkochen.jpg","contentUrl":"https:\/\/www.condin.shop\/wp-content\/uploads\/2021\/01\/Erdbeeren-einkochen.jpg","width":1104,"height":1104},{"@type":"WebSite","@id":"https:\/\/www.condin.shop\/it\/#website","url":"https:\/\/www.condin.shop\/it\/","name":"Condin Spargel Asparagi","description":"Shop","publisher":{"@id":"https:\/\/www.condin.shop\/it\/#organization"},"potentialAction":[{"@type":"SearchAction","target":{"@type":"EntryPoint","urlTemplate":"https:\/\/www.condin.shop\/it\/?s={search_term_string}"},"query-input":{"@type":"PropertyValueSpecification","valueRequired":true,"valueName":"search_term_string"}}],"inLanguage":"it-IT"},{"@type":"Organization","@id":"https:\/\/www.condin.shop\/it\/#organization","name":"Condin Spargel Asparagi","url":"https:\/\/www.condin.shop\/it\/","logo":{"@type":"ImageObject","inLanguage":"it-IT","@id":"https:\/\/www.condin.shop\/it\/#\/schema\/logo\/image\/","url":"https:\/\/www.condin.shop\/wp-content\/uploads\/2021\/01\/Logo-Condin.svg","contentUrl":"https:\/\/www.condin.shop\/wp-content\/uploads\/2021\/01\/Logo-Condin.svg","width":217,"height":99,"caption":"Condin Spargel Asparagi"},"image":{"@id":"https:\/\/www.condin.shop\/it\/#\/schema\/logo\/image\/"}}]}},"_links":{"self":[{"href":"https:\/\/www.condin.shop\/it\/wp-json\/wp\/v2\/product\/536","targetHints":{"allow":["GET"]}}],"collection":[{"href":"https:\/\/www.condin.shop\/it\/wp-json\/wp\/v2\/product"}],"about":[{"href":"https:\/\/www.condin.shop\/it\/wp-json\/wp\/v2\/types\/product"}],"wp:featuredmedia":[{"embeddable":true,"href":"https:\/\/www.condin.shop\/it\/wp-json\/wp\/v2\/media\/383"}],"wp:attachment":[{"href":"https:\/\/www.condin.shop\/it\/wp-json\/wp\/v2\/media?parent=536"}],"wp:term":[{"taxonomy":"product_brand","embeddable":true,"href":"https:\/\/www.condin.shop\/it\/wp-json\/wp\/v2\/product_brand?post=536"},{"taxonomy":"product_cat","embeddable":true,"href":"https:\/\/www.condin.shop\/it\/wp-json\/wp\/v2\/product_cat?post=536"},{"taxonomy":"product_tag","embeddable":true,"href":"https:\/\/www.condin.shop\/it\/wp-json\/wp\/v2\/product_tag?post=536"}],"curies":[{"name":"wp","href":"https:\/\/api.w.org\/{rel}","templated":true}]}}